{"id":42,"date":"2020-12-06T11:19:35","date_gmt":"2020-12-06T11:19:35","guid":{"rendered":"https:\/\/empreendedorismooriginal.com.br\/?page_id=42"},"modified":"2020-12-06T12:16:30","modified_gmt":"2020-12-06T12:16:30","slug":"politicas-de-privacidade","status":"publish","type":"page","link":"https:\/\/empreendedorismooriginal.com.br\/formula-negocios-online-5-0\/politicas-de-privacidade\/","title":{"rendered":"Pol\u00edticas de Privacidade"},"content":{"rendered":"\n<p><strong>[wp_priv_br]<\/strong><\/p>\n\n\n\n<p><\/p>\n\n\n\n<p><\/p>\n\n\n\n<p>SOLICITA\u00c7\u00d5ES DE INFORMA\u00c7\u00d5ES<\/p>\n\n\n\n<p><\/p>\n\n\n\n<p>[RGPD_UserRequestForm]<\/p>\n","protected":false},"excerpt":{"rendered":"<p>[wp_priv_br] SOLICITA\u00c7\u00d5ES DE INFORMA\u00c7\u00d5ES [RGPD_UserRequestForm]<\/p>\n","protected":false},"author":1,"featured_media":0,"parent":0,"menu_order":0,"comment_status":"closed","ping_status":"closed","template":"","meta":{"footnotes":""},"class_list":["post-42","page","type-page","status-publish","hentry"],"_links":{"self":[{"href":"https:\/\/empreendedorismooriginal.com.br\/formula-negocios-online-5-0\/wp-json\/wp\/v2\/pages\/42","targetHints":{"allow":["GET"]}}],"collection":[{"href":"https:\/\/empreendedorismooriginal.com.br\/formula-negocios-online-5-0\/wp-json\/wp\/v2\/pages"}],"about":[{"href":"https:\/\/empreendedorismooriginal.com.br\/formula-negocios-online-5-0\/wp-json\/wp\/v2\/types\/page"}],"author":[{"embeddable":true,"href":"https:\/\/empreendedorismooriginal.com.br\/formula-negocios-online-5-0\/wp-json\/wp\/v2\/users\/1"}],"replies":[{"embeddable":true,"href":"https:\/\/empreendedorismooriginal.com.br\/formula-negocios-online-5-0\/wp-json\/wp\/v2\/comments?post=42"}],"version-history":[{"count":7,"href":"https:\/\/empreendedorismooriginal.com.br\/formula-negocios-online-5-0\/wp-json\/wp\/v2\/pages\/42\/revisions"}],"predecessor-version":[{"id":50,"href":"https:\/\/empreendedorismooriginal.com.br\/formula-negocios-online-5-0\/wp-json\/wp\/v2\/pages\/42\/revisions\/50"}],"wp:attachment":[{"href":"https:\/\/empreendedorismooriginal.com.br\/formula-negocios-online-5-0\/wp-json\/wp\/v2\/media?parent=42"}],"curies":[{"name":"wp","href":"https:\/\/api.w.org\/{rel}","templated":true}]}}